{"id":98,"date":"2018-06-27T14:27:33","date_gmt":"2018-06-27T14:27:33","guid":{"rendered":"http:\/\/www.sudenaika.com\/?page_id=98"},"modified":"2018-09-19T13:47:34","modified_gmt":"2018-09-19T13:47:34","slug":"konsertit-2012","status":"publish","type":"page","link":"https:\/\/www.sudenaika.com\/en\/konsertit-2012\/","title":{"rendered":"Concerts 2012"},"content":{"rendered":"<p><\/p>\n<h1><strong>Concerts 2012<\/strong><\/h1>\n<p><span style=\"font-size: 1rem;\">26.10.2012<br \/>\n<\/span>Kekri Porvoossa, Taidetehdas, Porvoo<\/p>\n<p><span style=\"font-size: 1rem;\">23.9.2012<br \/>\n<\/span>Suojaavat siipes -virsikonsertti, Ilomantsi<\/p>\n<p><span style=\"font-size: 1rem;\">21.9.2012<\/span><span style=\"font-size: 1rem;\"><br \/>\n<\/span>Tuupovaaran Ullakko,\u00a0 Tuupovaara<\/p>\n<p><span style=\"font-size: 1rem;\">20.9.2012<br \/>\n<\/span>Sissola, Ilomantsi<\/p>\n<p><span style=\"font-size: 1rem;\">1.9.2012<br \/>\n<\/span>Suojaavat siipes -virsikonsertti, Pyh\u00e4n Luukkaan kappeli, Oulu<\/p>\n<p><span style=\"font-size: 1rem;\">31.8. 2012<br \/>\n<\/span>Suojaavat siipes -virsikonsertti,\u00a0 Ravintola Johans, Porvoo<\/p>\n<p>30.8.<br \/>\nPorvoon pikkukirkko, Musiikin y\u00f6, Porvoo<\/p>\n<p><span style=\"font-size: 1rem;\">6.7.2012<br \/>\n<\/span>Suojaavat siipes -virsikonsertti, V\u00e4h\u00e4nkyr\u00f6n kirkko<\/p>\n<p><span style=\"font-size: 1rem;\">4.7.2012<\/span><span style=\"font-size: 1rem;\"><br \/>\n<\/span>Suojaavat siipes -virsikonsertti, Karunan kirkko, Seurasaari Soi, Helsinki<\/p>\n<p><span style=\"font-size: 1rem;\">9.4.2012<br \/>\n<\/span>JuuriJuhla &#8211; Rotfest, Lepp\u00e4vaaran kirkko, Espoo<\/p>","protected":false},"excerpt":{"rendered":"<p>Concerts 2012 26.10.2012 Kekri Porvoossa, Taidetehdas, Porvoo 23.9.2012 Suojaavat siipes -virsikonsertti, Ilomantsi 21.9.2012 Tuupovaaran Ullakko,\u00a0 Tuupovaara 20.9.2012 Sissola, Ilomantsi 1.9.2012 Suojaavat siipes -virsikonsertti, Pyh\u00e4n Luukkaan kappeli, Oulu 31.8. 2012 Suojaavat siipes -virsikonsertti,\u00a0 Ravintola Johans, Porvoo 30.8. Porvoon pikkukirkko, Musiikin y\u00f6, Porvoo 6.7.2012 Suojaavat siipes -virsikonsertti, V\u00e4h\u00e4nkyr\u00f6n kirkko 4.7.2012 Suojaavat siipes -virsikonsertti, Karunan kirkko, Seurasaari Soi, &hellip; <\/p>\n<p class=\"link-more\"><a href=\"https:\/\/www.sudenaika.com\/en\/konsertit-2012\/\" class=\"more-link\">Continue reading<span class=\"screen-reader-text\"> &#8220;Concerts 2012&#8221;<\/span><\/a><\/p>\n","protected":false},"author":1,"featured_media":0,"parent":0,"menu_order":0,"comment_status":"closed","ping_status":"closed","template":"","meta":[],"_links":{"self":[{"href":"https:\/\/www.sudenaika.com\/en\/wp-json\/wp\/v2\/pages\/98"}],"collection":[{"href":"https:\/\/www.sudenaika.com\/en\/wp-json\/wp\/v2\/pages"}],"about":[{"href":"https:\/\/www.sudenaika.com\/en\/wp-json\/wp\/v2\/types\/page"}],"author":[{"embeddable":true,"href":"https:\/\/www.sudenaika.com\/en\/wp-json\/wp\/v2\/users\/1"}],"replies":[{"embeddable":true,"href":"https:\/\/www.sudenaika.com\/en\/wp-json\/wp\/v2\/comments?post=98"}],"version-history":[{"count":6,"href":"https:\/\/www.sudenaika.com\/en\/wp-json\/wp\/v2\/pages\/98\/revisions"}],"predecessor-version":[{"id":194,"href":"https:\/\/www.sudenaika.com\/en\/wp-json\/wp\/v2\/pages\/98\/revisions\/194"}],"wp:attachment":[{"href":"https:\/\/www.sudenaika.com\/en\/wp-json\/wp\/v2\/media?parent=98"}],"curies":[{"name":"wp","href":"https:\/\/api.w.org\/{rel}","templated":true}]}}