{"id":87,"date":"2018-06-27T14:01:35","date_gmt":"2018-06-27T14:01:35","guid":{"rendered":"http:\/\/www.sudenaika.com\/?page_id=87"},"modified":"2018-09-19T13:49:26","modified_gmt":"2018-09-19T13:49:26","slug":"konsertit-2014","status":"publish","type":"page","link":"https:\/\/www.sudenaika.com\/en\/konsertit-2014\/","title":{"rendered":"Concerts 2014"},"content":{"rendered":"<p><\/p>\n<h1><strong>Concerts 2014<\/strong><\/h1>\n<p>21.9.2014<br \/>\nJoensuun seurakuntakeskus, Joensuu<\/p>\n<p>20.9.2014<br \/>\nAholansaari, Nilsi\u00e4<\/p>\n<p>19.9.2014<br \/>\nV\u00e4\u00e4rnin pappila, Lapinlahti<\/p>\n<p>18.9.2014 19.00<br \/>\nMikkelin tuomiokirkko, Mikkeli<\/p>\n<p>14.9.2014<br \/>\nLapuan tuomiokirkko,\u00a0<span style=\"font-size: 1rem;\">Lapua<\/span><\/p>\n<p>13.9.2014<br \/>\nNurmon kirkko, Nurmo<\/p>","protected":false},"excerpt":{"rendered":"<p>Concerts 2014 21.9.2014 Joensuun seurakuntakeskus, Joensuu 20.9.2014 Aholansaari, Nilsi\u00e4 19.9.2014 V\u00e4\u00e4rnin pappila, Lapinlahti 18.9.2014 19.00 Mikkelin tuomiokirkko, Mikkeli 14.9.2014 Lapuan tuomiokirkko,\u00a0Lapua 13.9.2014 Nurmon kirkko, Nurmo<\/p>\n","protected":false},"author":1,"featured_media":0,"parent":0,"menu_order":0,"comment_status":"closed","ping_status":"closed","template":"","meta":[],"_links":{"self":[{"href":"https:\/\/www.sudenaika.com\/en\/wp-json\/wp\/v2\/pages\/87"}],"collection":[{"href":"https:\/\/www.sudenaika.com\/en\/wp-json\/wp\/v2\/pages"}],"about":[{"href":"https:\/\/www.sudenaika.com\/en\/wp-json\/wp\/v2\/types\/page"}],"author":[{"embeddable":true,"href":"https:\/\/www.sudenaika.com\/en\/wp-json\/wp\/v2\/users\/1"}],"replies":[{"embeddable":true,"href":"https:\/\/www.sudenaika.com\/en\/wp-json\/wp\/v2\/comments?post=87"}],"version-history":[{"count":3,"href":"https:\/\/www.sudenaika.com\/en\/wp-json\/wp\/v2\/pages\/87\/revisions"}],"predecessor-version":[{"id":196,"href":"https:\/\/www.sudenaika.com\/en\/wp-json\/wp\/v2\/pages\/87\/revisions\/196"}],"wp:attachment":[{"href":"https:\/\/www.sudenaika.com\/en\/wp-json\/wp\/v2\/media?parent=87"}],"curies":[{"name":"wp","href":"https:\/\/api.w.org\/{rel}","templated":true}]}}