{"id":155,"date":"2018-09-19T13:00:02","date_gmt":"2018-09-19T13:00:02","guid":{"rendered":"http:\/\/www.sudenaika.com\/?page_id=155"},"modified":"2018-11-02T17:56:48","modified_gmt":"2018-11-02T17:56:48","slug":"katariina-airas","status":"publish","type":"page","link":"https:\/\/www.sudenaika.com\/en\/katariina-airas\/","title":{"rendered":"Katariina Airas"},"content":{"rendered":"<p><a href=\"http:\/\/www.sudenaika.com\/wp-content\/uploads\/2018\/10\/katariina-puu-1.jpg\"><img loading=\"lazy\" class=\"alignnone size-medium wp-image-311\" src=\"http:\/\/www.sudenaika.com\/wp-content\/uploads\/2018\/10\/katariina-puu-1-300x138.jpg\" alt=\"\" width=\"300\" height=\"138\" srcset=\"https:\/\/www.sudenaika.com\/wp-content\/uploads\/2018\/10\/katariina-puu-1-300x138.jpg 300w, https:\/\/www.sudenaika.com\/wp-content\/uploads\/2018\/10\/katariina-puu-1-768x353.jpg 768w, https:\/\/www.sudenaika.com\/wp-content\/uploads\/2018\/10\/katariina-puu-1-1024x470.jpg 1024w, https:\/\/www.sudenaika.com\/wp-content\/uploads\/2018\/10\/katariina-puu-1-2000x922.jpg 2000w, https:\/\/www.sudenaika.com\/wp-content\/uploads\/2018\/10\/katariina-puu-1.jpg 2008w\" sizes=\"(max-width: 300px) 100vw, 300px\" \/><\/a><\/p>\n<p><strong>Katariina Airas<\/strong><\/p>\n<p>Katariina considers Tapiola Choir as her most important musical education. In this famous children\u2019s choir she toured the world during her teenage years, performing also as a soloist. She has also been a member and soloist in the renowned Philomela Choir and worked as a singer and musician with e.g. the gospel musician Jaakko L\u00f6ytty.<br \/>\nKatariina is also a theologian, working currently as a music representative at Her\u00e4tt\u00e4j\u00e4-Yhdistys, an organization of the Finnish Lutheran Church.<\/p>\n<p>In Suden aika Katariina sings and plays Swedish Moraharpa, an ancient version of Sweden\u2019s national instrument Nyckelharpa, and H\u00e4rjedalspipa, a Swedish wooden flute.<\/p>\n<p>Otherwise she enjoys spending time with her family, picking mushrooms, knitting and reading good books.<\/p>","protected":false},"excerpt":{"rendered":"<p>Katariina Airas Katariina considers Tapiola Choir as her most important musical education. In this famous children\u2019s choir she toured the world during her teenage years, performing also as a soloist. She has also been a member and soloist in the renowned Philomela Choir and worked as a singer and musician with e.g. the gospel musician &hellip; <\/p>\n<p class=\"link-more\"><a href=\"https:\/\/www.sudenaika.com\/en\/katariina-airas\/\" class=\"more-link\">Continue reading<span class=\"screen-reader-text\"> &#8220;Katariina Airas&#8221;<\/span><\/a><\/p>\n","protected":false},"author":1,"featured_media":0,"parent":0,"menu_order":0,"comment_status":"closed","ping_status":"closed","template":"","meta":[],"_links":{"self":[{"href":"https:\/\/www.sudenaika.com\/en\/wp-json\/wp\/v2\/pages\/155"}],"collection":[{"href":"https:\/\/www.sudenaika.com\/en\/wp-json\/wp\/v2\/pages"}],"about":[{"href":"https:\/\/www.sudenaika.com\/en\/wp-json\/wp\/v2\/types\/page"}],"author":[{"embeddable":true,"href":"https:\/\/www.sudenaika.com\/en\/wp-json\/wp\/v2\/users\/1"}],"replies":[{"embeddable":true,"href":"https:\/\/www.sudenaika.com\/en\/wp-json\/wp\/v2\/comments?post=155"}],"version-history":[{"count":13,"href":"https:\/\/www.sudenaika.com\/en\/wp-json\/wp\/v2\/pages\/155\/revisions"}],"predecessor-version":[{"id":347,"href":"https:\/\/www.sudenaika.com\/en\/wp-json\/wp\/v2\/pages\/155\/revisions\/347"}],"wp:attachment":[{"href":"https:\/\/www.sudenaika.com\/en\/wp-json\/wp\/v2\/media?parent=155"}],"curies":[{"name":"wp","href":"https:\/\/api.w.org\/{rel}","templated":true}]}}