{"id":116,"date":"2018-07-12T11:56:16","date_gmt":"2018-07-12T11:56:16","guid":{"rendered":"http:\/\/www.sudenaika.com\/?page_id=116"},"modified":"2018-10-04T11:36:05","modified_gmt":"2018-10-04T11:36:05","slug":"julkaisut","status":"publish","type":"page","link":"https:\/\/www.sudenaika.com\/en\/julkaisut\/","title":{"rendered":"Discography"},"content":{"rendered":"<p><\/p>\n<h1><strong>Discography<\/strong><\/h1>\n<p><a href=\"http:\/\/www.sudenaika.com\/wp-content\/uploads\/2018\/07\/Sisaret-Suden-aika.jpg\"><img loading=\"lazy\" class=\"alignnone size-medium wp-image-118\" src=\"http:\/\/www.sudenaika.com\/wp-content\/uploads\/2018\/07\/Sisaret-Suden-aika-300x300.jpg\" alt=\"Sisaret Suden aika\" width=\"300\" height=\"300\" srcset=\"https:\/\/www.sudenaika.com\/wp-content\/uploads\/2018\/07\/Sisaret-Suden-aika-300x300.jpg 300w, https:\/\/www.sudenaika.com\/wp-content\/uploads\/2018\/07\/Sisaret-Suden-aika-150x150.jpg 150w, https:\/\/www.sudenaika.com\/wp-content\/uploads\/2018\/07\/Sisaret-Suden-aika-100x100.jpg 100w, https:\/\/www.sudenaika.com\/wp-content\/uploads\/2018\/07\/Sisaret-Suden-aika.jpg 500w\" sizes=\"(max-width: 300px) 100vw, 300px\" \/><\/a><\/p>\n<p>2018 <em>Sisaret<\/em><br \/>\nLaika Records<br \/>\n<a href=\"https:\/\/open.spotify.com\/album\/5yXlGtNZCFoJj4RUWEdPVU\" target=\"_blank\" rel=\"noopener\">Spotify<\/a><\/p>\n<p><a href=\"http:\/\/www.sudenaika.com\/wp-content\/uploads\/2018\/07\/Laiturilla-Suden-aika.jpg\"><img loading=\"lazy\" class=\"alignnone size-medium wp-image-125\" src=\"http:\/\/www.sudenaika.com\/wp-content\/uploads\/2018\/07\/Laiturilla-Suden-aika-300x300.jpg\" alt=\"Laiturilla Suden aika Laika Records\" width=\"300\" height=\"300\" srcset=\"https:\/\/www.sudenaika.com\/wp-content\/uploads\/2018\/07\/Laiturilla-Suden-aika-300x300.jpg 300w, https:\/\/www.sudenaika.com\/wp-content\/uploads\/2018\/07\/Laiturilla-Suden-aika-150x150.jpg 150w, https:\/\/www.sudenaika.com\/wp-content\/uploads\/2018\/07\/Laiturilla-Suden-aika-100x100.jpg 100w, https:\/\/www.sudenaika.com\/wp-content\/uploads\/2018\/07\/Laiturilla-Suden-aika.jpg 640w\" sizes=\"(max-width: 300px) 100vw, 300px\" \/><\/a><\/p>\n<p>2013<em> Laiturilla<\/em><br \/>\nLaika Records<br \/>\n<a href=\"https:\/\/open.spotify.com\/album\/6LrFsPHPwNwBfmnyVaO3mE\" target=\"_blank\" rel=\"noopener\">Spotify<\/a><\/p>\n<p><a href=\"http:\/\/www.sudenaika.com\/wp-content\/uploads\/2018\/07\/Ilokivi-Suden-aika.jpg\"><img loading=\"lazy\" class=\"alignnone size-medium wp-image-123\" src=\"http:\/\/www.sudenaika.com\/wp-content\/uploads\/2018\/07\/Ilokivi-Suden-aika-300x300.jpg\" alt=\"\" width=\"300\" height=\"300\" srcset=\"https:\/\/www.sudenaika.com\/wp-content\/uploads\/2018\/07\/Ilokivi-Suden-aika-300x300.jpg 300w, https:\/\/www.sudenaika.com\/wp-content\/uploads\/2018\/07\/Ilokivi-Suden-aika-150x150.jpg 150w, https:\/\/www.sudenaika.com\/wp-content\/uploads\/2018\/07\/Ilokivi-Suden-aika-100x100.jpg 100w, https:\/\/www.sudenaika.com\/wp-content\/uploads\/2018\/07\/Ilokivi-Suden-aika.jpg 500w\" sizes=\"(max-width: 300px) 100vw, 300px\" \/><\/a><br \/>\n2011 <em>Ilokivi<\/em><br \/>\nLaika Records<br \/>\n<a href=\"https:\/\/open.spotify.com\/album\/3TJfDS8cMsRZNaJXdvvAV5\" target=\"_blank\" rel=\"noopener\">Spotify<\/a><\/p>\n<p><a href=\"http:\/\/www.sudenaika.com\/wp-content\/uploads\/2018\/07\/Armas-Suden-aika.jpg\"><img loading=\"lazy\" class=\"alignnone size-medium wp-image-124\" src=\"http:\/\/www.sudenaika.com\/wp-content\/uploads\/2018\/07\/Armas-Suden-aika-300x300.jpg\" alt=\"\" width=\"300\" height=\"300\" srcset=\"https:\/\/www.sudenaika.com\/wp-content\/uploads\/2018\/07\/Armas-Suden-aika-300x300.jpg 300w, https:\/\/www.sudenaika.com\/wp-content\/uploads\/2018\/07\/Armas-Suden-aika-150x150.jpg 150w, https:\/\/www.sudenaika.com\/wp-content\/uploads\/2018\/07\/Armas-Suden-aika-100x100.jpg 100w, https:\/\/www.sudenaika.com\/wp-content\/uploads\/2018\/07\/Armas-Suden-aika.jpg 500w\" sizes=\"(max-width: 300px) 100vw, 300px\" \/><\/a><br \/>\n2009 <em>Armas<\/em><br \/>\nLaika Records<br \/>\n<a href=\"https:\/\/open.spotify.com\/album\/0gZ3xor8pXU2Dq6p8QcbY1\" target=\"_blank\" rel=\"noopener\">Spotify<\/a><\/p>\n<p><a href=\"http:\/\/www.sudenaika.com\/wp-content\/uploads\/2018\/07\/Unta-Suden-aika.jpg\"><img loading=\"lazy\" class=\"alignnone wp-image-119 size-full\" src=\"http:\/\/www.sudenaika.com\/wp-content\/uploads\/2018\/07\/Unta-Suden-aika.jpg\" alt=\"\" width=\"237\" height=\"213\" \/><\/a><br \/>\n2006 <em>Unta<\/em><br \/>\nRockadillo Records<br \/>\n<a href=\"https:\/\/open.spotify.com\/track\/2FLQvlHIItJ7cqnC3GLpG1\" target=\"_blank\" rel=\"noopener\">Spotify<\/a><\/p>\n<p><a href=\"http:\/\/www.sudenaika.com\/wp-content\/uploads\/2018\/07\/Etsij\u00e4-Suden-aika.jpg\"><img loading=\"lazy\" class=\"alignnone size-medium wp-image-120\" src=\"http:\/\/www.sudenaika.com\/wp-content\/uploads\/2018\/07\/Etsij\u00e4-Suden-aika-300x300.jpg\" alt=\"\" width=\"300\" height=\"300\" srcset=\"https:\/\/www.sudenaika.com\/wp-content\/uploads\/2018\/07\/Etsij\u00e4-Suden-aika-300x300.jpg 300w, https:\/\/www.sudenaika.com\/wp-content\/uploads\/2018\/07\/Etsij\u00e4-Suden-aika-150x150.jpg 150w, https:\/\/www.sudenaika.com\/wp-content\/uploads\/2018\/07\/Etsij\u00e4-Suden-aika-100x100.jpg 100w, https:\/\/www.sudenaika.com\/wp-content\/uploads\/2018\/07\/Etsij\u00e4-Suden-aika.jpg 500w\" sizes=\"(max-width: 300px) 100vw, 300px\" \/><\/a><\/p>\n<p>2004 <em>Etsij\u00e4<\/em><br \/>\nAlba Records<br \/>\n<a href=\"https:\/\/open.spotify.com\/album\/5pwn1XXg6J3icn7sOJo2Sf\" target=\"_blank\" rel=\"noopener\">Spotify<\/a><\/p>\n<p>Suden aika has also released two albums of old Finnish hymns.<\/p>\n<p><a href=\"http:\/\/www.sudenaika.com\/wp-content\/uploads\/2018\/07\/Harpuin-Suden-aika.jpg\"><img loading=\"lazy\" class=\"alignnone size-medium wp-image-122\" src=\"http:\/\/www.sudenaika.com\/wp-content\/uploads\/2018\/07\/Harpuin-Suden-aika-300x300.jpg\" alt=\"\" width=\"300\" height=\"300\" srcset=\"https:\/\/www.sudenaika.com\/wp-content\/uploads\/2018\/07\/Harpuin-Suden-aika-300x300.jpg 300w, https:\/\/www.sudenaika.com\/wp-content\/uploads\/2018\/07\/Harpuin-Suden-aika-150x150.jpg 150w, https:\/\/www.sudenaika.com\/wp-content\/uploads\/2018\/07\/Harpuin-Suden-aika-100x100.jpg 100w, https:\/\/www.sudenaika.com\/wp-content\/uploads\/2018\/07\/Harpuin-Suden-aika.jpg 500w\" sizes=\"(max-width: 300px) 100vw, 300px\" \/><\/a><\/p>\n<p><span style=\"font-weight: 400;\">2015 <em>Harpuin, huiluin, kantelein &#8211; Siionin virsi\u00e4<\/em><br \/>\nHer\u00e4tt\u00e4j\u00e4-Yhdistys<br \/>\n<a href=\"https:\/\/open.spotify.com\/album\/3N0NCdhb41RrN8TMdq4dyo\" target=\"_blank\" rel=\"noopener\">Spotify<\/a><\/span><\/p>\n<p><a href=\"http:\/\/www.sudenaika.com\/wp-content\/uploads\/2018\/07\/Suojaavat-siipes-Suden-aika.jpg\"><img loading=\"lazy\" class=\"alignnone size-medium wp-image-121\" src=\"http:\/\/www.sudenaika.com\/wp-content\/uploads\/2018\/07\/Suojaavat-siipes-Suden-aika-300x300.jpg\" alt=\"\" width=\"300\" height=\"300\" srcset=\"https:\/\/www.sudenaika.com\/wp-content\/uploads\/2018\/07\/Suojaavat-siipes-Suden-aika-300x300.jpg 300w, https:\/\/www.sudenaika.com\/wp-content\/uploads\/2018\/07\/Suojaavat-siipes-Suden-aika-150x150.jpg 150w, https:\/\/www.sudenaika.com\/wp-content\/uploads\/2018\/07\/Suojaavat-siipes-Suden-aika-100x100.jpg 100w, https:\/\/www.sudenaika.com\/wp-content\/uploads\/2018\/07\/Suojaavat-siipes-Suden-aika.jpg 600w\" sizes=\"(max-width: 300px) 100vw, 300px\" \/><\/a><\/p>\n<p><span style=\"font-weight: 400;\">2011 <em>Suojaavat siipes <\/em>(Tellu Turkka &amp; Suden aika)<br \/>\nHer\u00e4tt\u00e4j\u00e4-Yhdistys<br \/>\n<a href=\"https:\/\/open.spotify.com\/album\/7MlmUfGne2k1UzK6Ym3Umb\" target=\"_blank\" rel=\"noopener\">Spotify<\/a><\/span><\/p>\n<p>&nbsp;<\/p>","protected":false},"excerpt":{"rendered":"<p>Discography 2018 Sisaret Laika Records Spotify 2013 Laiturilla Laika Records Spotify 2011 Ilokivi Laika Records Spotify 2009 Armas Laika Records Spotify 2006 Unta Rockadillo Records Spotify 2004 Etsij\u00e4 Alba Records Spotify Suden aika has also released two albums of old Finnish hymns. 2015 Harpuin, huiluin, kantelein &#8211; Siionin virsi\u00e4 Her\u00e4tt\u00e4j\u00e4-Yhdistys Spotify 2011 Suojaavat siipes (Tellu &hellip; <\/p>\n<p class=\"link-more\"><a href=\"https:\/\/www.sudenaika.com\/en\/julkaisut\/\" class=\"more-link\">Continue reading<span class=\"screen-reader-text\"> &#8220;Discography&#8221;<\/span><\/a><\/p>\n","protected":false},"author":1,"featured_media":0,"parent":0,"menu_order":0,"comment_status":"closed","ping_status":"closed","template":"","meta":[],"_links":{"self":[{"href":"https:\/\/www.sudenaika.com\/en\/wp-json\/wp\/v2\/pages\/116"}],"collection":[{"href":"https:\/\/www.sudenaika.com\/en\/wp-json\/wp\/v2\/pages"}],"about":[{"href":"https:\/\/www.sudenaika.com\/en\/wp-json\/wp\/v2\/types\/page"}],"author":[{"embeddable":true,"href":"https:\/\/www.sudenaika.com\/en\/wp-json\/wp\/v2\/users\/1"}],"replies":[{"embeddable":true,"href":"https:\/\/www.sudenaika.com\/en\/wp-json\/wp\/v2\/comments?post=116"}],"version-history":[{"count":6,"href":"https:\/\/www.sudenaika.com\/en\/wp-json\/wp\/v2\/pages\/116\/revisions"}],"predecessor-version":[{"id":201,"href":"https:\/\/www.sudenaika.com\/en\/wp-json\/wp\/v2\/pages\/116\/revisions\/201"}],"wp:attachment":[{"href":"https:\/\/www.sudenaika.com\/en\/wp-json\/wp\/v2\/media?parent=116"}],"curies":[{"name":"wp","href":"https:\/\/api.w.org\/{rel}","templated":true}]}}