{"id":157,"date":"2018-09-19T13:00:49","date_gmt":"2018-09-19T13:00:49","guid":{"rendered":"http:\/\/www.sudenaika.com\/?page_id=157"},"modified":"2018-11-02T18:42:58","modified_gmt":"2018-11-02T18:42:58","slug":"karoliina-kantelinen","status":"publish","type":"page","link":"http:\/\/www.sudenaika.com\/en\/karoliina-kantelinen\/","title":{"rendered":"Karoliina Kantelinen"},"content":{"rendered":"<p><a href=\"http:\/\/www.sudenaika.com\/wp-content\/uploads\/2018\/10\/karoliina-laituri-3.jpg\"><img loading=\"lazy\" class=\"alignnone size-medium wp-image-310\" src=\"http:\/\/www.sudenaika.com\/wp-content\/uploads\/2018\/10\/karoliina-laituri-3-300x135.jpg\" alt=\"\" width=\"300\" height=\"135\" srcset=\"http:\/\/www.sudenaika.com\/wp-content\/uploads\/2018\/10\/karoliina-laituri-3-300x135.jpg 300w, http:\/\/www.sudenaika.com\/wp-content\/uploads\/2018\/10\/karoliina-laituri-3-768x346.jpg 768w, http:\/\/www.sudenaika.com\/wp-content\/uploads\/2018\/10\/karoliina-laituri-3-1024x461.jpg 1024w, http:\/\/www.sudenaika.com\/wp-content\/uploads\/2018\/10\/karoliina-laituri-3.jpg 2048w\" sizes=\"(max-width: 300px) 100vw, 300px\" \/><\/a><\/p>\n<p><strong>Karoliina Kantelinen<br \/>\n<\/strong><\/p>\n<p><span style=\"font-weight: 400;\">Karoliina has graduated as an etno musicologist and is finishing her artistic PHD in folk music department in Sibelius Academy.\u00a0She specializes in laments, spells and yoik from Vienan Karjala. Karoliina teaches, performs as a solist and also with for example Tipsy Gipsy, Set&#8217;akat and the world famous V\u00e4rttin\u00e4. Her international projects are with Paul Taylor OrCHestra in Switzerland and composition Karelia Joik together with\u00a0Andreas Peer in Berlin Philharmonic hall.\u00a0<\/span><span style=\"font-weight: 400;\">Karoliina&#8217;s singing can be heard in many movies, for example R\u00f6lli, K\u00e4til\u00f6\u00a0 and Arn 1-2.<\/span><\/p>\n<p>In Suden aika Karoliina sings and plays 10 string Kantele, Shakers and Swedish H\u00e4rjedalspipa.<\/p>\n<p><span style=\"font-weight: 400;\">In her spare freetime Karoliina enjoys outdoors with her young\u00a0Lapponian herder dog Hildegard.\u00a0<\/span><\/p>\n<p>&nbsp;<\/p>\n<p><strong>\u00a0<\/strong><\/p>","protected":false},"excerpt":{"rendered":"<p>Karoliina Kantelinen Karoliina has graduated as an etno musicologist and is finishing her artistic PHD in folk music department in Sibelius Academy.\u00a0She specializes in laments, spells and yoik from Vienan Karjala. Karoliina teaches, performs as a solist and also with for example Tipsy Gipsy, Set&#8217;akat and the world famous V\u00e4rttin\u00e4. Her international projects are with &hellip; <\/p>\n<p class=\"link-more\"><a href=\"http:\/\/www.sudenaika.com\/en\/karoliina-kantelinen\/\" class=\"more-link\">Continue reading<span class=\"screen-reader-text\"> &#8220;Karoliina Kantelinen&#8221;<\/span><\/a><\/p>\n","protected":false},"author":1,"featured_media":0,"parent":0,"menu_order":0,"comment_status":"closed","ping_status":"closed","template":"","meta":[],"_links":{"self":[{"href":"http:\/\/www.sudenaika.com\/en\/wp-json\/wp\/v2\/pages\/157"}],"collection":[{"href":"http:\/\/www.sudenaika.com\/en\/wp-json\/wp\/v2\/pages"}],"about":[{"href":"http:\/\/www.sudenaika.com\/en\/wp-json\/wp\/v2\/types\/page"}],"author":[{"embeddable":true,"href":"http:\/\/www.sudenaika.com\/en\/wp-json\/wp\/v2\/users\/1"}],"replies":[{"embeddable":true,"href":"http:\/\/www.sudenaika.com\/en\/wp-json\/wp\/v2\/comments?post=157"}],"version-history":[{"count":13,"href":"http:\/\/www.sudenaika.com\/en\/wp-json\/wp\/v2\/pages\/157\/revisions"}],"predecessor-version":[{"id":357,"href":"http:\/\/www.sudenaika.com\/en\/wp-json\/wp\/v2\/pages\/157\/revisions\/357"}],"wp:attachment":[{"href":"http:\/\/www.sudenaika.com\/en\/wp-json\/wp\/v2\/media?parent=157"}],"curies":[{"name":"wp","href":"https:\/\/api.w.org\/{rel}","templated":true}]}}